{"id":548,"date":"2023-09-14T10:13:21","date_gmt":"2023-09-14T10:13:21","guid":{"rendered":"https:\/\/34.117.130.130\/?page_id=548"},"modified":"2025-11-28T12:30:55","modified_gmt":"2025-11-28T12:30:55","slug":"documentation","status":"publish","type":"page","link":"https:\/\/aeroviav.com\/en\/documentation\/","title":{"rendered":"Documentation"},"content":{"rendered":"\t\t<div data-elementor-type=\"wp-page\" data-elementor-id=\"548\" class=\"elementor elementor-548 elementor-28\" data-elementor-post-type=\"page\">\n\t\t\t\t<div class=\"elementor-element elementor-element-569969b e-flex e-con-boxed e-con e-parent\" data-id=\"569969b\" data-element_type=\"container\" data-e-type=\"container\">\n\t\t\t\t\t<div class=\"e-con-inner\">\n\t\t\t\t<div class=\"elementor-element elementor-element-5feacae elementor-widget elementor-widget-text-editor\" data-id=\"5feacae\" data-element_type=\"widget\" data-e-type=\"widget\" data-widget_type=\"text-editor.default\">\n\t\t\t\t<div class=\"elementor-widget-container\">\n\t\t\t\t\t\t\t\t\t<p>In this page we will upload deliverables and relevant information and brochures advertising about the product developed, brochures fairs, conferences, published articles, etc.<\/p><p><a href=\"\/wp-content\/uploads\/2023\/09\/Resumen-E.1.-Estudio-de-la-problematica-y-definicion-de-los-requerimientos-de-las-soluciones-a-desarrolar-1.pdf\" target=\"_blank\" rel=\"noopener\">Resumen E.1. Estudio de la problem\u00e1tica y definici\u00f3n de los requerimientos de las soluciones a desarrollar<\/a><\/p><p><a href=\"\/wp-content\/uploads\/2023\/09\/Resumen-E.2.1.-Caracterizacion-de-la-Solucion-Fisica-1.pdf\" target=\"_blank\" rel=\"noopener\">Resumen E.2.1. Caracterizaci\u00f3n de la Soluci\u00f3n F\u00edsica<\/a><\/p><p><a href=\"\/wp-content\/uploads\/2023\/09\/Resumen-E.2.2.-Caracterizacion-de-la-solucion-quimica-1.pdf\" target=\"_blank\" rel=\"noopener\">Resumen E.2.2. Caracterizaci\u00f3n de la soluci\u00f3n qu\u00edmica<\/a><\/p><p><a href=\"\/wp-content\/uploads\/2023\/09\/Resumen-E.2.3.-Diseno-del-mecanismo-de-aplicacion-de-la-solucion-quimica-1.pdf\" target=\"_blank\" rel=\"noopener\">Resumen E.2.3. Dise\u00f1o del mecanismo de aplicaci\u00f3n de la soluci\u00f3n qu\u00edmica<\/a><\/p><p><a href=\"\/wp-content\/uploads\/2023\/09\/Resumen-E.3.1.-Resultados-de-los-ensayos-preliminares-en-laboratorio-1.pdf\" target=\"_blank\" rel=\"noopener\">Resumen E.3.1. Resultados de los ensayos preliminares en laboratorio<\/a><\/p><p><a href=\"\/wp-content\/uploads\/2023\/09\/Resumen-E.3.2.-Simulacion-comportamiento-balasto-ante-soluciones-nuevas-disenadas-1.pdf\" target=\"_blank\" rel=\"noopener\">Resumen E.3.2. Simulacio\u0301n del comportamiento de balasto ante las soluciones nuevas disen\u0303adas<\/a><\/p><p><a href=\"\/wp-content\/uploads\/2023\/09\/Resumen-E.3.3.-Analisis-multicriterio-optimizacion-desarrollo-soluciones-disenadas-1.pdf\" target=\"_blank\" rel=\"noopener\">Resumen E.3.3. Ana\u0301lisis multicriterio, optimizacio\u0301n y desarrollo de las soluciones disen\u0303adas<\/a><\/p><p><a href=\"\/wp-content\/uploads\/2023\/09\/Resumen-E.4.1.-Ensayos-gran-escala-solucion-fisica-1.pdf\" target=\"_blank\" rel=\"noopener\">Resumen E.4.1. Ensayos a gran escala de la solucio\u0301n fi\u0301sica<\/a><\/p><p><a href=\"\/wp-content\/uploads\/2023\/09\/Resumen-E.4.3-Desarrollo-prototipo-Met-Cuevas-1.pdf\" target=\"_blank\" rel=\"noopener\">Resumen E.4.3 Desarrollo del prototipo Met Cuevas<\/a><\/p><p><a href=\"https:\/\/aeroviav.com\/wp-content\/uploads\/2023\/09\/Resumen-E.4.4.-Contraste-resultados-validacion-laboratorio-campo-1.pdf\" target=\"_blank\" rel=\"noopener\">Resumen E.4.4. Contraste de resultados de la validacio\u0301n de laboratorio y campo<\/a><\/p><p><a href=\"\/wp-content\/uploads\/2023\/09\/Resumen-E.5.-Viabilidad-tecnico-economica-productos-desarrollados-durante-el-proyecto-1.pdf\" target=\"_blank\" rel=\"noopener\">Resumen E.5. Viabilidad te\u0301cnico-econo\u0301mica de los productos desarrollados durante el proyecto<\/a><\/p><p><a href=\"\/wp-content\/uploads\/2023\/09\/Resumen-E.6.-Conclusiones-finales-investigacion-desarrollos-1.pdf\" target=\"_blank\" rel=\"noopener\">Resumen E.6. Conclusiones finales de la investigacio\u0301n y los desarrollos<\/a><\/p>\t\t\t\t\t\t\t\t<\/div>\n\t\t\t\t<\/div>\n\t\t\t\t\t<\/div>\n\t\t\t\t<\/div>\n\t\t\t\t<\/div>\n\t\t","protected":false},"excerpt":{"rendered":"<p>In this page we will upload deliverables and relevant information and brochures advertising about the product developed, brochures fairs, conferences, published articles, etc. Resumen E.1. Estudio de la problem\u00e1tica y definici\u00f3n de los requerimientos de las soluciones a desarrollar Resumen E.2.1. Caracterizaci\u00f3n de la Soluci\u00f3n F\u00edsica Resumen E.2.2. Caracterizaci\u00f3n de la soluci\u00f3n qu\u00edmica Resumen E.2.3. [&hellip;]<\/p>\n","protected":false},"author":1,"featured_media":0,"parent":0,"menu_order":0,"comment_status":"closed","ping_status":"closed","template":"","meta":{"footnotes":""},"class_list":["post-548","page","type-page","status-publish","hentry"],"_links":{"self":[{"href":"https:\/\/aeroviav.com\/en\/wp-json\/wp\/v2\/pages\/548","targetHints":{"allow":["GET"]}}],"collection":[{"href":"https:\/\/aeroviav.com\/en\/wp-json\/wp\/v2\/pages"}],"about":[{"href":"https:\/\/aeroviav.com\/en\/wp-json\/wp\/v2\/types\/page"}],"author":[{"embeddable":true,"href":"https:\/\/aeroviav.com\/en\/wp-json\/wp\/v2\/users\/1"}],"replies":[{"embeddable":true,"href":"https:\/\/aeroviav.com\/en\/wp-json\/wp\/v2\/comments?post=548"}],"version-history":[{"count":7,"href":"https:\/\/aeroviav.com\/en\/wp-json\/wp\/v2\/pages\/548\/revisions"}],"predecessor-version":[{"id":767,"href":"https:\/\/aeroviav.com\/en\/wp-json\/wp\/v2\/pages\/548\/revisions\/767"}],"wp:attachment":[{"href":"https:\/\/aeroviav.com\/en\/wp-json\/wp\/v2\/media?parent=548"}],"curies":[{"name":"wp","href":"https:\/\/api.w.org\/{rel}","templated":true}]}}